{"id":873,"date":"2018-03-17T15:25:24","date_gmt":"2018-03-17T15:25:24","guid":{"rendered":"http:\/\/www.healthcoachmarjolein.nl\/healthcoachmarjolein\/?page_id=873"},"modified":"2018-03-17T21:23:45","modified_gmt":"2018-03-17T21:23:45","slug":"algemene-voorwaarden","status":"publish","type":"page","link":"https:\/\/www.healthcoachmarjolein.nl\/healthcoachmarjolein\/contact\/algemene-voorwaarden\/","title":{"rendered":"Algemene voorwaarden"},"content":{"rendered":"<h5><strong><u>Algemene voorwaarden\u00a0\u00a0\u00a0\u00a0\u00a0\u00a0\u00a0\u00a0\u00a0\u00a0\u00a0\u00a0\u00a0\u00a0\u00a0\u00a0\u00a0\u00a0\u00a0\u00a0\u00a0\u00a0\u00a0\u00a0\u00a0\u00a0\u00a0\u00a0\u00a0\u00a0\u00a0\u00a0\u00a0\u00a0\u00a0\u00a0\u00a0\u00a0\u00a0\u00a0\u00a0\u00a0\u00a0\u00a0\u00a0\u00a0\u00a0 <\/u><\/strong><\/h5>\n<h5><strong>\u00a0<\/strong><\/h5>\n<h5><strong>Artikel 1. Definities<br \/>\n<\/strong>In de algemene voorwaarden wordt verstaan onder:<\/h5>\n<p><strong>Voedingscoach\/gewichtsconsulente:<\/strong> Health coach Marjolein (mevrouw M.van Hesselingen-Dijkhuis), handelende als zelfstandig gevestigd voedingscoach\/gewichtsconsulente.<\/p>\n<p><strong>Cli\u00ebnt:<\/strong> diegene aan wie door Health coach Marjolein advies verleend wordt, dan wel diens wettelijke vertegenwoordiger(s).<\/p>\n<h5><strong>Praktijklocatie:<\/strong> de locatie waarop de praktijk van de Health coach Marjolein wordt uitgeoefend.<\/h5>\n<p>&nbsp;<\/p>\n<h5><strong>Artikel 2. Algemeen<\/strong><\/h5>\n<h5>Health coach Marjolein geeft advies aan de cli\u00ebnt op het als zodanig opgegeven praktijkadres, tenzij onderling anders is overeengekomen. Van elke wijziging van het praktijkadres wordt de cli\u00ebnt ter stond op de hoogte gesteld.<\/h5>\n<h5><\/h5>\n<h5><strong>Artikel 3. Basis<\/strong><\/h5>\n<h5>Health coach Marjolein kan de cli\u00ebnt zowel op persoonlijke basis als op basis van een formele verwijzing door de arts behandelen. In het laatste geval houdt Health coach Marjolein de arts op de hoogte van het verloop van de behandeling. Gegevens van de cli\u00ebnt worden zonder toestemming van de cli\u00ebnt niet aan derden verstrekt. De cli\u00ebnt is altijd zelf verantwoordelijk voor het vermelden aan de arts dat hij\/zij een coaching traject volgt.<\/h5>\n<h5><strong>\u00a0<\/strong><\/h5>\n<h5><strong>Artikel 4. Verhindering<\/strong><\/h5>\n<h5>AIs de cli\u00ebnt verhinderd is op de afgesproken datum en tijdstip waarop de cli\u00ebnt op het praktijkadres aanwezig dient te zijn, dient hij\/zij Health coach Marjolein hiervan zo snel mogelijk op de hoogte te stellen. Indien de cli\u00ebnt niet 24 uur voor genoemd tijdstip bericht van verhindering aan Health coach Marjolein geeft, dan wel geen zodanig bericht geeft, is Health coach Marjolein gerechtigd om het honorarium voor de desbetreffende afspraak aan de cli\u00ebnt in rekening te brengen.<\/h5>\n<h5><\/h5>\n<h5><strong>Artikel 5. Tariefstelling<\/strong><\/h5>\n<h5>Voor de behandeling aanvangt deelt Health coach Marjolein de cli\u00ebnt schriftelijk of mondeling mede welke tarieven er gelden. Deze tarieven zijn inclusief BTW of andere wettelijke heffingen indien en voor zover die berekend zouden moeten worden. Health coach Marjolein is gerechtigd prijsstijgingen door te voeren indien en voor zover zich onvoorziene prijsverhogende omstandigheden voordoen na het afsluiten der overeenkomst. Waarbij Health coach Marjolein zich beroept op het feit dat op 1 januari van elk kalenderjaar er een tariefwijziging zal kunnen plaatsvinden.<\/h5>\n<h5><\/h5>\n<h5><strong>Artikel 6. Intellectueel eigendom<\/strong><\/h5>\n<h5>Health coach Marjolein behoudt te allen tijde alle rechten op door haar gemaakte adviezen, plannen, documenten, afbeeldingen en\/of hierop betrekking hebbende informatie en \u201cknow how\u201d, zelfs wanneer daarvoor kosten in rekening zijn gebracht of naderhand nog verbeteringen zijn aangebracht, al dan niet op aanvraag van de cli\u00ebnt. De in de vorige zin genoemde zaken mogen zonder schriftelijke toestemming van Health coach Marjolein nog geheel noch gedeeltelijk worden gekopieerd, anders dan voor intern gebruik bij de cli\u00ebnt, noch ter hand gesteld of op andere wijze worden bekendgemaakt, noch door de cli\u00ebnt worden gebruikt of ter beschikking worden gesteld anders dan voor het doel waarvoor ze door health coach Marjolein verstrekt zijn.<\/h5>\n<h5><\/h5>\n<h5><strong>Artikel 7. Betaling<\/strong><\/h5>\n<h5>Tenzij anders is overeengekomen, dient de betaling, voor losse consulten door de cli\u00ebnt aan Health coach Marjolein contant te geschieden aan het einde van het consult. De cli\u00ebnt krijgt, indien gewenst, een verzamelfactuur van de betalingen. Pakketten, samengesteld door Health coach Marjolein, dienen vooraf betaald te worden.<\/h5>\n<h5><strong>\u00a0<\/strong><\/h5>\n<h5><strong>Artikel 8. Onuitvoerbaarheid van de opdracht<\/strong><\/h5>\n<h5>Health coach Marjolein heeft het recht de overeen gekomen consulten\/werkzaamheden op te schorten indien zij door omstandigheden, welke buiten haar invloedssfeer liggen of waarvan zij bij het sluiten van de overeenkomst niet op de hoogte was of kon zijn vanwege ziekte, tijdelijk verhinderd is haar verplichtingen na te komen. Indien de nakoming blijvend onmogelijk wordt kan de overeenkomst worden ontbonden voor dat deel dat nog filet is nagekomen. Geen van de beide partijen heeft in dat geval recht op vergoeding van de ten gevolge van de ontbinding geleden schade.<\/h5>\n<h5><\/h5>\n<h5><strong>Artikel 9. Aansprakelijkheid <\/strong><\/h5>\n<h5>Het advies van Health coach Marjolein is naar zijn aard resultaat gericht zonder dat resultaat te garanderen. Health coach Marjolein sluit elke aansprakelijkheid uit ter zake van schade of letsel of ziekte voortvloeiend uit of verband houdende met de opvolging door de cli\u00ebnt van door de voedingscoach verstrekte adviezen, tenzij sprake is van opzet of grove schuld van de kant van de voedingscoach. Met dien verstande dat voor vergoeding alleen in aanmerking komt die schade waartegen Health coach Marjolein verzekerd is.<\/h5>\n<h5><\/h5>\n<h5><strong>Artikel 10. Toepasselijk recht en forumkeuze<\/strong><\/h5>\n<h5>Alleen de burgerlijke rechter die bevoegd is in de vestigingsplaats van Health coach Marjolein is bevoegd kennis te nemen van geschillen. Nederlands recht is van toepassing.<\/h5>\n<h5><strong>\u00a0<\/strong><\/h5>\n<h5><a href=\"https:\/\/www.healthcoachmarjolein.nl\/healthcoachmarjolein\/wp-content\/uploads\/2018\/03\/12366904_947422585311019_422517155_n.jpg\"><img loading=\"lazy\" class=\"alignnone wp-image-874\" src=\"https:\/\/www.healthcoachmarjolein.nl\/healthcoachmarjolein\/wp-content\/uploads\/2018\/03\/12366904_947422585311019_422517155_n-300x300.jpg\" alt=\"\" width=\"108\" height=\"108\" srcset=\"https:\/\/www.healthcoachmarjolein.nl\/healthcoachmarjolein\/wp-content\/uploads\/2018\/03\/12366904_947422585311019_422517155_n-300x300.jpg 300w, https:\/\/www.healthcoachmarjolein.nl\/healthcoachmarjolein\/wp-content\/uploads\/2018\/03\/12366904_947422585311019_422517155_n-100x100.jpg 100w, https:\/\/www.healthcoachmarjolein.nl\/healthcoachmarjolein\/wp-content\/uploads\/2018\/03\/12366904_947422585311019_422517155_n-600x600.jpg 600w, https:\/\/www.healthcoachmarjolein.nl\/healthcoachmarjolein\/wp-content\/uploads\/2018\/03\/12366904_947422585311019_422517155_n-150x150.jpg 150w, https:\/\/www.healthcoachmarjolein.nl\/healthcoachmarjolein\/wp-content\/uploads\/2018\/03\/12366904_947422585311019_422517155_n-768x768.jpg 768w, https:\/\/www.healthcoachmarjolein.nl\/healthcoachmarjolein\/wp-content\/uploads\/2018\/03\/12366904_947422585311019_422517155_n.jpg 960w\" sizes=\"(max-width: 108px) 100vw, 108px\" \/><\/a><\/h5>\n","protected":false},"excerpt":{"rendered":"<p>Algemene voorwaarden\u00a0\u00a0\u00a0\u00a0\u00a0\u00a0\u00a0\u00a0\u00a0\u00a0\u00a0\u00a0\u00a0\u00a0\u00a0\u00a0\u00a0\u00a0\u00a0\u00a0\u00a0\u00a0\u00a0\u00a0\u00a0\u00a0\u00a0\u00a0\u00a0\u00a0\u00a0\u00a0\u00a0\u00a0\u00a0\u00a0\u00a0\u00a0\u00a0\u00a0\u00a0\u00a0\u00a0\u00a0\u00a0\u00a0\u00a0 \u00a0 Artikel 1. Definities In de algemene voorwaarden wordt verstaan onder: Voedingscoach\/gewichtsconsulente: Health coach Marjolein (mevrouw M.van Hesselingen-Dijkhuis), handelende als zelfstandig gevestigd voedingscoach\/gewichtsconsulente. Cli\u00ebnt: diegene aan wie door Health coach Marjolein advies verleend wordt, dan wel diens wettelijke vertegenwoordiger(s). Praktijklocatie: de locatie waarop de praktijk van de Health coach Marjolein wordt uitgeoefend. &nbsp;&#8230; <\/p>\n","protected":false},"author":1,"featured_media":0,"parent":17,"menu_order":2,"comment_status":"closed","ping_status":"closed","template":"","meta":{"sfsi_plus_gutenberg_text_before_share":"","sfsi_plus_gutenberg_show_text_before_share":"","sfsi_plus_gutenberg_icon_type":"","sfsi_plus_gutenberg_icon_alignemt":"","sfsi_plus_gutenburg_max_per_row":""},"_links":{"self":[{"href":"https:\/\/www.healthcoachmarjolein.nl\/healthcoachmarjolein\/wp-json\/wp\/v2\/pages\/873"}],"collection":[{"href":"https:\/\/www.healthcoachmarjolein.nl\/healthcoachmarjolein\/wp-json\/wp\/v2\/pages"}],"about":[{"href":"https:\/\/www.healthcoachmarjolein.nl\/healthcoachmarjolein\/wp-json\/wp\/v2\/types\/page"}],"author":[{"embeddable":true,"href":"https:\/\/www.healthcoachmarjolein.nl\/healthcoachmarjolein\/wp-json\/wp\/v2\/users\/1"}],"replies":[{"embeddable":true,"href":"https:\/\/www.healthcoachmarjolein.nl\/healthcoachmarjolein\/wp-json\/wp\/v2\/comments?post=873"}],"version-history":[{"count":2,"href":"https:\/\/www.healthcoachmarjolein.nl\/healthcoachmarjolein\/wp-json\/wp\/v2\/pages\/873\/revisions"}],"predecessor-version":[{"id":891,"href":"https:\/\/www.healthcoachmarjolein.nl\/healthcoachmarjolein\/wp-json\/wp\/v2\/pages\/873\/revisions\/891"}],"up":[{"embeddable":true,"href":"https:\/\/www.healthcoachmarjolein.nl\/healthcoachmarjolein\/wp-json\/wp\/v2\/pages\/17"}],"wp:attachment":[{"href":"https:\/\/www.healthcoachmarjolein.nl\/healthcoachmarjolein\/wp-json\/wp\/v2\/media?parent=873"}],"curies":[{"name":"wp","href":"https:\/\/api.w.org\/{rel}","templated":true}]}}